{"id":32244,"date":"2022-11-01T15:39:16","date_gmt":"2022-11-01T18:39:16","guid":{"rendered":"http:\/\/fractalfounds.com\/subscription-plan\/"},"modified":"2022-11-06T18:24:37","modified_gmt":"2022-11-06T21:24:37","slug":"subscription-plan","status":"publish","type":"page","link":"https:\/\/fractalfounds.com\/en\/subscription-plan\/","title":{"rendered":"Memberships"},"content":{"rendered":"<div class=\"ich_level_wrap ihc_level_template_7\"><div class=\"ihc-level-item\"><div class=\"ihc-level-item-wrap\"><div class=\"ihc-level-item-top\"><div class=\"ihc-level-item-title\">Free Membership<\/div><\/div><div class=\"ihc-level-item-price\">Free<\/div><div class=\"ihc-level-item-content\">The client who decided to take this membership, obtains some benefits in his favor. Within this membership you will have information on the free reset areas on our blog. These categories are: biological area, agricultural area, health\/medical and legal area, and sociocultural area.<\/div><div class=\"ihc-level-item-bottom\"><div onclick=\"ihcBuyNewLevel('https:\/\/fractalfounds.com\/en\/registrarse\/?lid=1');\" class=\"ihc-level-item-link  ihc-cursor-pointer\">Get!<\/div><div class=\"iump-clear\"><\/div><\/div><\/div><\/div><div class=\"ihc-level-item\"><div class=\"ihc-level-item-wrap\"><div class=\"ihc-level-item-top\"><div class=\"ihc-level-item-title\">Monthly Membership<\/div><\/div><div class=\"ihc-level-item-price\">29$<\/div><div class=\"ihc-level-item-content\">The client who accesses the membership, whether monthly or annual, has the worldview of the financial reset from all its edges, ideal for promoters of the financial reset, companies, and investors who wish to protect their assets from inflation in this financial paradigm shift.<\/div><div class=\"ihc-level-item-bottom\"><div onclick=\"ihcBuyNewLevel('https:\/\/fractalfounds.com\/en\/registrarse\/?lid=5');\" class=\"ihc-level-item-link  ihc-cursor-pointer\">Get!<\/div><div class=\"iump-clear\"><\/div><\/div><\/div><\/div><div class=\"ihc-level-item\"><div class=\"ihc-level-item-wrap\"><div class=\"ihc-level-item-top\"><div class=\"ihc-level-item-title\">Annual Membership<\/div><\/div><div class=\"ihc-level-item-price\">149$<\/div><div class=\"ihc-level-item-content\">The client who accesses the membership, whether monthly or annual, has the worldview of the financial reset from all its edges, ideal for promoters of the financial reset, companies, and investors who wish to protect their assets from inflation in this financial paradigm shift.<\/div><div class=\"ihc-level-item-bottom\"><div onclick=\"ihcBuyNewLevel('https:\/\/fractalfounds.com\/en\/registrarse\/?lid=4');\" class=\"ihc-level-item-link  ihc-cursor-pointer\">Get!<\/div><div class=\"iump-clear\"><\/div><\/div><\/div><\/div><\/div>","protected":false},"excerpt":{"rendered":"Membres\u00eda GratuitaGratisEl cliente que decida tomar esta membres\u00eda, obtiene algunos beneficios a su favor. Dentro de esta membres\u00eda contar\u00e1s con","protected":false},"author":1,"featured_media":0,"parent":0,"menu_order":0,"comment_status":"closed","ping_status":"closed","template":"","meta":{"footnotes":""},"class_list":["post-32244","page","type-page","status-publish","hentry"],"_links":{"self":[{"href":"https:\/\/fractalfounds.com\/en\/wp-json\/wp\/v2\/pages\/32244","targetHints":{"allow":["GET"]}}],"collection":[{"href":"https:\/\/fractalfounds.com\/en\/wp-json\/wp\/v2\/pages"}],"about":[{"href":"https:\/\/fractalfounds.com\/en\/wp-json\/wp\/v2\/types\/page"}],"author":[{"embeddable":true,"href":"https:\/\/fractalfounds.com\/en\/wp-json\/wp\/v2\/users\/1"}],"replies":[{"embeddable":true,"href":"https:\/\/fractalfounds.com\/en\/wp-json\/wp\/v2\/comments?post=32244"}],"version-history":[{"count":0,"href":"https:\/\/fractalfounds.com\/en\/wp-json\/wp\/v2\/pages\/32244\/revisions"}],"wp:attachment":[{"href":"https:\/\/fractalfounds.com\/en\/wp-json\/wp\/v2\/media?parent=32244"}],"curies":[{"name":"wp","href":"https:\/\/api.w.org\/{rel}","templated":true}]}}